{"id":13539,"date":"2018-11-08T10:47:10","date_gmt":"2018-11-08T09:47:10","guid":{"rendered":"http:\/\/sfpmed.org\/lasers-medicaux\/"},"modified":"2020-04-08T12:42:27","modified_gmt":"2020-04-08T10:42:27","slug":"lasers-medicaux","status":"publish","type":"page","link":"https:\/\/sfpmed.org\/en\/lasers-medicaux\/","title":{"rendered":"MEDICAL LASERS"},"content":{"rendered":"<p>[vc_row][vc_column]<div class=\"grve-element grve-slogan grve-align-left\" style=\"\"><div class=\"grve-subtitle\">Focus on...<\/div><h2 class=\"grve-slogan-title grve-align-left grve-h5\"><span>MEDICAL LASERS<span class=\"grve-title-line grve-bg-primary-1\" style=\"width: 50px;height: 2px;\"><\/span><\/span><\/h2><\/div>[vc_column_text]<\/p>\n<p class=\"Corps\" style=\"text-align: justify; text-justify: inter-ideograph;\">For many years there has been a craze for lasers. They are given extraordinary therapeutic qualities. These are indeed amazing, although one must always remain cautious in terms of expected therapeutic results. <span lang=\"EN-US\">Doctors want to use these lasers for therapeutic purposes and this is of interest to the general public. <\/span><span lang=\"EN-US\">That these rays can cross the skin without damaging it to concentrate their effects on a specific target, that is exciting.<\/span><\/p>\n<p style=\"text-align: justify;\">Lasers are used in different specialties and they have allowed to significantly modify some treatments and even to remove certain surgical procedures. It is undoubtedly in Dermatology (and in Ophthalmology) that the variety of indications is the greatest. The first devices used in Dermatology, however, had modest functions quite close to electrosurgery. But since then, what progress!<\/p>\n<p>Today, most dermatologists who begin in this specialty must know the indications of these lasers and the practical data of use, for their handling or simply to advise the best the patients in order to reassure them and to direct them towards a laser structure competent. <span lang=\"EN-US\">The multiplication of indications is also a problem because the studies are sometimes &#8220;light in terms of methodology&#8221; but, let&#8217;s say it, it is often difficult to set up a good methodology, if only because of the difficulty to achieve a double blind with some lasers.<\/span><\/p>\n<p class=\"Corps\" style=\"text-align: justify; text-justify: inter-ideograph;\">At the same time the information that our patients can collect directly has evolved considerably. In the age of the internet, these patients often have the impression of knowing everything through the reading of different sites and sometimes feel almost able to determine the treatments themselves: they question their dermatologists just to confirm their feelings and their &#8220;diagnosis&#8221;. Even if it seems astonishing we can not ignore it and this justifies that every dermatologist, user or not of lasers, must be able to answer the questions of the patients.<\/p>\n<p class=\"Corps\"><span lang=\"EN-US\">At the same time laser techniques evolve more and more towards other sources of energy (ultrasound, radiofrequency, microwaves &#8230;)<\/span>.<\/p>\n<p>All this should encourage us to get involved, to specialize and to have a critical eye on new technology.[\/vc_column_text][vc_empty_space][\/vc_column][\/vc_row][vc_row][vc_column]<div class=\"grve-element grve-slogan grve-align-left\" style=\"\"><div class=\"grve-subtitle\">MEDICAL LASERS<\/div><h2 class=\"grve-slogan-title grve-align-left grve-h5\"><span>In pictures<span class=\"grve-title-line grve-bg-primary-1\" style=\"width: 50px;height: 2px;\"><\/span><\/span><\/h2><\/div>[vc_empty_space]<div class=\"grve-element grve-carousel-wrapper grve-with-gap\" style=\"\"><div class=\"grve-carousel-navigation grve-dark grve-navigation-1 grve-navigation-carousel\">\t<div class=\"grve-carousel-buttons\">\t\t<div class=\"grve-carousel-prev\">\t\t\t<i class=\"grve-icon-arrow-left-alt\"><\/i>\t\t<\/div>\t\t<div class=\"grve-carousel-next\">\t\t\t<i class=\"grve-icon-arrow-right-alt\"><\/i>\t\t<\/div>\t<\/div><\/div>\t<div class=\"grve-carousel grve-gallery-popup grve-carousel-element \" data-items=\"4\" data-slider-autoplay=\"yes\" data-slider-speed=\"4000\" data-slider-pause=\"no\" data-pagination-speed=\"400\" data-pagination=\"no\" data-gutter-size=\"40\">\n\n\t\t\t<div class=\"grve-carousel-item\">  <a href=\"https:\/\/sfpmed.org\/wp-content\/uploads\/2018\/12\/Lasers-m\u00e9diaux-10-SFPMed.png\" ><figure class=\"grve-image-hover\"><div class=\"grve-media\"><img loading=\"lazy\" decoding=\"async\" width=\"800\" height=\"597\" src=\"https:\/\/sfpmed.org\/wp-content\/uploads\/2018\/12\/Lasers-m\u00e9diaux-10-SFPMed-800x597.png\" class=\"attachment-blade-grve-small-rect-horizontal size-blade-grve-small-rect-horizontal\" alt=\"\" srcset=\"https:\/\/sfpmed.org\/wp-content\/uploads\/2018\/12\/Lasers-m\u00e9diaux-10-SFPMed.png 800w, https:\/\/sfpmed.org\/wp-content\/uploads\/2018\/12\/Lasers-m\u00e9diaux-10-SFPMed-300x224.png 300w, https:\/\/sfpmed.org\/wp-content\/uploads\/2018\/12\/Lasers-m\u00e9diaux-10-SFPMed-768x573.png 768w, https:\/\/sfpmed.org\/wp-content\/uploads\/2018\/12\/Lasers-m\u00e9diaux-10-SFPMed-600x448.png 600w\" sizes=\"auto, (max-width: 800px) 100vw, 800px\" \/><\/div><\/figure>  <\/a><\/div><div class=\"grve-carousel-item\">  <a href=\"https:\/\/sfpmed.org\/wp-content\/uploads\/2018\/12\/Lasers-m\u00e9diaux-4-SFPMed.png\" ><figure class=\"grve-image-hover\"><div class=\"grve-media\"><img loading=\"lazy\" decoding=\"async\" width=\"800\" height=\"597\" src=\"https:\/\/sfpmed.org\/wp-content\/uploads\/2018\/12\/Lasers-m\u00e9diaux-4-SFPMed-800x597.png\" class=\"attachment-blade-grve-small-rect-horizontal size-blade-grve-small-rect-horizontal\" alt=\"\" srcset=\"https:\/\/sfpmed.org\/wp-content\/uploads\/2018\/12\/Lasers-m\u00e9diaux-4-SFPMed.png 800w, https:\/\/sfpmed.org\/wp-content\/uploads\/2018\/12\/Lasers-m\u00e9diaux-4-SFPMed-300x224.png 300w, https:\/\/sfpmed.org\/wp-content\/uploads\/2018\/12\/Lasers-m\u00e9diaux-4-SFPMed-768x573.png 768w, https:\/\/sfpmed.org\/wp-content\/uploads\/2018\/12\/Lasers-m\u00e9diaux-4-SFPMed-600x448.png 600w\" sizes=\"auto, (max-width: 800px) 100vw, 800px\" \/><\/div><\/figure>  <\/a><\/div><div class=\"grve-carousel-item\">  <a href=\"https:\/\/sfpmed.org\/wp-content\/uploads\/2018\/12\/Lasers-m\u00e9diaux-3-SFPMed.png\" ><figure class=\"grve-image-hover\"><div class=\"grve-media\"><img loading=\"lazy\" decoding=\"async\" width=\"800\" height=\"597\" src=\"https:\/\/sfpmed.org\/wp-content\/uploads\/2018\/12\/Lasers-m\u00e9diaux-3-SFPMed-800x597.png\" class=\"attachment-blade-grve-small-rect-horizontal size-blade-grve-small-rect-horizontal\" alt=\"\" srcset=\"https:\/\/sfpmed.org\/wp-content\/uploads\/2018\/12\/Lasers-m\u00e9diaux-3-SFPMed.png 800w, https:\/\/sfpmed.org\/wp-content\/uploads\/2018\/12\/Lasers-m\u00e9diaux-3-SFPMed-300x224.png 300w, https:\/\/sfpmed.org\/wp-content\/uploads\/2018\/12\/Lasers-m\u00e9diaux-3-SFPMed-768x573.png 768w, https:\/\/sfpmed.org\/wp-content\/uploads\/2018\/12\/Lasers-m\u00e9diaux-3-SFPMed-600x448.png 600w\" sizes=\"auto, (max-width: 800px) 100vw, 800px\" \/><\/div><\/figure>  <\/a><\/div><div class=\"grve-carousel-item\">  <a href=\"https:\/\/sfpmed.org\/wp-content\/uploads\/2018\/12\/Lasers-m\u00e9diaux-1-SFPMed.png\" ><figure class=\"grve-image-hover\"><div class=\"grve-media\"><img loading=\"lazy\" decoding=\"async\" width=\"800\" height=\"597\" src=\"https:\/\/sfpmed.org\/wp-content\/uploads\/2018\/12\/Lasers-m\u00e9diaux-1-SFPMed-800x597.png\" class=\"attachment-blade-grve-small-rect-horizontal size-blade-grve-small-rect-horizontal\" alt=\"\" srcset=\"https:\/\/sfpmed.org\/wp-content\/uploads\/2018\/12\/Lasers-m\u00e9diaux-1-SFPMed.png 800w, https:\/\/sfpmed.org\/wp-content\/uploads\/2018\/12\/Lasers-m\u00e9diaux-1-SFPMed-300x224.png 300w, https:\/\/sfpmed.org\/wp-content\/uploads\/2018\/12\/Lasers-m\u00e9diaux-1-SFPMed-768x573.png 768w, https:\/\/sfpmed.org\/wp-content\/uploads\/2018\/12\/Lasers-m\u00e9diaux-1-SFPMed-600x448.png 600w\" sizes=\"auto, (max-width: 800px) 100vw, 800px\" \/><\/div><\/figure>  <\/a><\/div><div class=\"grve-carousel-item\">  <a href=\"https:\/\/sfpmed.org\/wp-content\/uploads\/2018\/12\/Lasers-m\u00e9diaux-2-SFPMed.png\" ><figure class=\"grve-image-hover\"><div class=\"grve-media\"><img loading=\"lazy\" decoding=\"async\" width=\"800\" height=\"597\" src=\"https:\/\/sfpmed.org\/wp-content\/uploads\/2018\/12\/Lasers-m\u00e9diaux-2-SFPMed-800x597.png\" class=\"attachment-blade-grve-small-rect-horizontal size-blade-grve-small-rect-horizontal\" alt=\"\" srcset=\"https:\/\/sfpmed.org\/wp-content\/uploads\/2018\/12\/Lasers-m\u00e9diaux-2-SFPMed.png 800w, https:\/\/sfpmed.org\/wp-content\/uploads\/2018\/12\/Lasers-m\u00e9diaux-2-SFPMed-300x224.png 300w, https:\/\/sfpmed.org\/wp-content\/uploads\/2018\/12\/Lasers-m\u00e9diaux-2-SFPMed-768x573.png 768w, https:\/\/sfpmed.org\/wp-content\/uploads\/2018\/12\/Lasers-m\u00e9diaux-2-SFPMed-600x448.png 600w\" sizes=\"auto, (max-width: 800px) 100vw, 800px\" \/><\/div><\/figure>  <\/a><\/div><div class=\"grve-carousel-item\">  <a href=\"https:\/\/sfpmed.org\/wp-content\/uploads\/2018\/12\/Lasers-m\u00e9diaux-8-SFPMed.png\" ><figure class=\"grve-image-hover\"><div class=\"grve-media\"><img loading=\"lazy\" decoding=\"async\" width=\"800\" height=\"597\" src=\"https:\/\/sfpmed.org\/wp-content\/uploads\/2018\/12\/Lasers-m\u00e9diaux-8-SFPMed-800x597.png\" class=\"attachment-blade-grve-small-rect-horizontal size-blade-grve-small-rect-horizontal\" alt=\"\" srcset=\"https:\/\/sfpmed.org\/wp-content\/uploads\/2018\/12\/Lasers-m\u00e9diaux-8-SFPMed.png 800w, https:\/\/sfpmed.org\/wp-content\/uploads\/2018\/12\/Lasers-m\u00e9diaux-8-SFPMed-300x224.png 300w, https:\/\/sfpmed.org\/wp-content\/uploads\/2018\/12\/Lasers-m\u00e9diaux-8-SFPMed-768x573.png 768w, https:\/\/sfpmed.org\/wp-content\/uploads\/2018\/12\/Lasers-m\u00e9diaux-8-SFPMed-600x448.png 600w\" sizes=\"auto, (max-width: 800px) 100vw, 800px\" \/><\/div><\/figure>  <\/a><\/div><div class=\"grve-carousel-item\">  <a href=\"https:\/\/sfpmed.org\/wp-content\/uploads\/2018\/12\/Lasers-m\u00e9diaux-9-SFPMed.png\" ><figure class=\"grve-image-hover\"><div class=\"grve-media\"><img loading=\"lazy\" decoding=\"async\" width=\"800\" height=\"597\" src=\"https:\/\/sfpmed.org\/wp-content\/uploads\/2018\/12\/Lasers-m\u00e9diaux-9-SFPMed-800x597.png\" class=\"attachment-blade-grve-small-rect-horizontal size-blade-grve-small-rect-horizontal\" alt=\"\" srcset=\"https:\/\/sfpmed.org\/wp-content\/uploads\/2018\/12\/Lasers-m\u00e9diaux-9-SFPMed.png 800w, https:\/\/sfpmed.org\/wp-content\/uploads\/2018\/12\/Lasers-m\u00e9diaux-9-SFPMed-300x224.png 300w, https:\/\/sfpmed.org\/wp-content\/uploads\/2018\/12\/Lasers-m\u00e9diaux-9-SFPMed-768x573.png 768w, https:\/\/sfpmed.org\/wp-content\/uploads\/2018\/12\/Lasers-m\u00e9diaux-9-SFPMed-600x448.png 600w\" sizes=\"auto, (max-width: 800px) 100vw, 800px\" \/><\/div><\/figure>  <\/a><\/div><div class=\"grve-carousel-item\">  <a href=\"https:\/\/sfpmed.org\/wp-content\/uploads\/2018\/12\/Lasers-m\u00e9diaux-7-SFPMed.png\" ><figure class=\"grve-image-hover\"><div class=\"grve-media\"><img loading=\"lazy\" decoding=\"async\" width=\"800\" height=\"597\" src=\"https:\/\/sfpmed.org\/wp-content\/uploads\/2018\/12\/Lasers-m\u00e9diaux-7-SFPMed-800x597.png\" class=\"attachment-blade-grve-small-rect-horizontal size-blade-grve-small-rect-horizontal\" alt=\"\" srcset=\"https:\/\/sfpmed.org\/wp-content\/uploads\/2018\/12\/Lasers-m\u00e9diaux-7-SFPMed.png 800w, https:\/\/sfpmed.org\/wp-content\/uploads\/2018\/12\/Lasers-m\u00e9diaux-7-SFPMed-300x224.png 300w, https:\/\/sfpmed.org\/wp-content\/uploads\/2018\/12\/Lasers-m\u00e9diaux-7-SFPMed-768x573.png 768w, https:\/\/sfpmed.org\/wp-content\/uploads\/2018\/12\/Lasers-m\u00e9diaux-7-SFPMed-600x448.png 600w\" sizes=\"auto, (max-width: 800px) 100vw, 800px\" \/><\/div><\/figure>  <\/a><\/div><div class=\"grve-carousel-item\">  <a href=\"https:\/\/sfpmed.org\/wp-content\/uploads\/2018\/12\/Lasers-m\u00e9diaux-6-SFPMed.png\" ><figure class=\"grve-image-hover\"><div class=\"grve-media\"><img loading=\"lazy\" decoding=\"async\" width=\"800\" height=\"597\" src=\"https:\/\/sfpmed.org\/wp-content\/uploads\/2018\/12\/Lasers-m\u00e9diaux-6-SFPMed-800x597.png\" class=\"attachment-blade-grve-small-rect-horizontal size-blade-grve-small-rect-horizontal\" alt=\"\" srcset=\"https:\/\/sfpmed.org\/wp-content\/uploads\/2018\/12\/Lasers-m\u00e9diaux-6-SFPMed.png 800w, https:\/\/sfpmed.org\/wp-content\/uploads\/2018\/12\/Lasers-m\u00e9diaux-6-SFPMed-300x224.png 300w, https:\/\/sfpmed.org\/wp-content\/uploads\/2018\/12\/Lasers-m\u00e9diaux-6-SFPMed-768x573.png 768w, https:\/\/sfpmed.org\/wp-content\/uploads\/2018\/12\/Lasers-m\u00e9diaux-6-SFPMed-600x448.png 600w\" sizes=\"auto, (max-width: 800px) 100vw, 800px\" \/><\/div><\/figure>  <\/a><\/div><div class=\"grve-carousel-item\">  <a href=\"https:\/\/sfpmed.org\/wp-content\/uploads\/2018\/12\/Lasers-m\u00e9diaux-5-SFPMed.png\" ><figure class=\"grve-image-hover\"><div class=\"grve-media\"><img loading=\"lazy\" decoding=\"async\" width=\"800\" height=\"597\" src=\"https:\/\/sfpmed.org\/wp-content\/uploads\/2018\/12\/Lasers-m\u00e9diaux-5-SFPMed-800x597.png\" class=\"attachment-blade-grve-small-rect-horizontal size-blade-grve-small-rect-horizontal\" alt=\"\" srcset=\"https:\/\/sfpmed.org\/wp-content\/uploads\/2018\/12\/Lasers-m\u00e9diaux-5-SFPMed.png 800w, https:\/\/sfpmed.org\/wp-content\/uploads\/2018\/12\/Lasers-m\u00e9diaux-5-SFPMed-300x224.png 300w, https:\/\/sfpmed.org\/wp-content\/uploads\/2018\/12\/Lasers-m\u00e9diaux-5-SFPMed-768x573.png 768w, https:\/\/sfpmed.org\/wp-content\/uploads\/2018\/12\/Lasers-m\u00e9diaux-5-SFPMed-600x448.png 600w\" sizes=\"auto, (max-width: 800px) 100vw, 800px\" \/><\/div><\/figure>  <\/a><\/div><div class=\"grve-carousel-item\">  <a href=\"https:\/\/sfpmed.org\/wp-content\/uploads\/2018\/12\/Lasers-m\u00e9diaux-11-SFPMed.png\" ><figure class=\"grve-image-hover\"><div class=\"grve-media\"><img loading=\"lazy\" decoding=\"async\" width=\"800\" height=\"597\" src=\"https:\/\/sfpmed.org\/wp-content\/uploads\/2018\/12\/Lasers-m\u00e9diaux-11-SFPMed-800x597.png\" class=\"attachment-blade-grve-small-rect-horizontal size-blade-grve-small-rect-horizontal\" alt=\"\" srcset=\"https:\/\/sfpmed.org\/wp-content\/uploads\/2018\/12\/Lasers-m\u00e9diaux-11-SFPMed.png 800w, https:\/\/sfpmed.org\/wp-content\/uploads\/2018\/12\/Lasers-m\u00e9diaux-11-SFPMed-300x224.png 300w, https:\/\/sfpmed.org\/wp-content\/uploads\/2018\/12\/Lasers-m\u00e9diaux-11-SFPMed-768x573.png 768w, https:\/\/sfpmed.org\/wp-content\/uploads\/2018\/12\/Lasers-m\u00e9diaux-11-SFPMed-600x448.png 600w\" sizes=\"auto, (max-width: 800px) 100vw, 800px\" \/><\/div><\/figure>  <\/a><\/div>\t<\/div><\/div>[vc_column_text]Referent : Bertrand Devaux \u2013 <a href=\"mailto:b.devaux@ch-sainte-anne.fr\" target=\"_blank\" rel=\"noopener noreferrer\">b.devaux@ch-sainte-anne.fr<\/a>[\/vc_column_text][\/vc_column][\/vc_row][vc_row][vc_column][vc_empty_space][vc_tta_accordion active_section=&#8221;1&#8243; css=&#8221;.vc_custom_1548854103964{background-color: #eaeaea !important;}&#8221;][vc_tta_section i_icon_fontawesome=&#8221;fa fa-calendar&#8221; add_icon=&#8221;true&#8221; title=&#8221;Agenda&#8221; tab_id=&#8221;1544622900101-723a7e55-aae0&#8243;][vc_column_text]<\/p>\n<ul>\n<li><strong>See French version<\/strong><\/li>\n<\/ul>\n<p>[\/vc_column_text][\/vc_tta_section][\/vc_tta_accordion][vc_tta_accordion active_section=&#8221;2&#8243; collapsible_all=&#8221;true&#8221; css=&#8221;.vc_custom_1548850911353{background-color: #eaeaea !important;}&#8221;][vc_tta_section i_icon_fontawesome=&#8221;fa fa-thumb-tack&#8221; add_icon=&#8221;true&#8221; title=&#8221;News&#8221; tab_id=&#8221;1548850710155-121ae559-695f&#8221;][vc_column_text]<\/p>\n<ul>\n<li><strong>See French version<\/strong><\/li>\n<\/ul>\n<p>[\/vc_column_text][\/vc_tta_section][\/vc_tta_accordion][vc_tta_accordion active_section=&#8221;2&#8243; collapsible_all=&#8221;true&#8221; css=&#8221;.vc_custom_1548851000442{background-color: #eaeaea !important;}&#8221;][vc_tta_section i_icon_fontawesome=&#8221;fa fa-file-text-o&#8221; add_icon=&#8221;true&#8221; title=&#8221;ARTICLES &amp; GENERALITIES&#8221; tab_id=&#8221;1548850709290-3b4ff510-4767&#8243;][vc_column_text]<\/p>\n<div class=\"grve-element grve-text\">\n<ul>\n<li><strong>Lasers in dermatology<\/strong> by S. Dahan and T. Michaud<br \/>\n<strong>Photodermatology<\/strong><br \/>\nFrench Society of Photodermatology<br \/>\n<a class=\"download\" href=\"https:\/\/sfpmed.org\/wp-content\/uploads\/2019\/02\/lasderm.pdf\" target=\"_blank\" rel=\"noopener noreferrer\">Reviews by G\u00e9rard Toubel<\/a><\/li>\n<\/ul>\n<\/div>\n<p>[\/vc_column_text]<div class=\"grve-element grve-hr \" style=\"padding-bottom: 30px;\"><span class=\"grve-title-line grve-bg-grey\" style=\"width: 50px;height: 2px;\"><\/span><\/div>[vc_column_text]<\/p>\n<div class=\"grve-element grve-text\">\n<ul>\n<li><strong>Document AFNOR &lt;The results of the Instruction &#8220;Good tattooing practices&#8221;&gt;<\/strong><br \/>\n<a class=\"download\" href=\"https:\/\/sfpmed.org\/wp-content\/uploads\/2019\/02\/AFNOR_Bonnes_pratiques_de_tatouage.pdf\" target=\"_blank\" rel=\"noopener noreferrer\">Download the document<\/a><\/li>\n<\/ul>\n<\/div>\n<p>[\/vc_column_text][\/vc_tta_section][\/vc_tta_accordion][vc_tta_accordion active_section=&#8221;2&#8243; collapsible_all=&#8221;true&#8221; css=&#8221;.vc_custom_1548850986786{background-color: #eaeaea !important;}&#8221;][vc_tta_section i_icon_fontawesome=&#8221;fa fa-globe&#8221; add_icon=&#8221;true&#8221; title=&#8221;Links&#8221; tab_id=&#8221;1548850708727-fcae2ba7-14df&#8221;][vc_column_text]<em>Upcoming content<\/em>[\/vc_column_text][\/vc_tta_section][\/vc_tta_accordion][\/vc_column][\/vc_row]<\/p>\n","protected":false},"excerpt":{"rendered":"<p>[vc_row][vc_column][vc_column_text] For many years there has been a craze for lasers. They are given extraordinary therapeutic qualities. These are indeed amazing, although one must always remain cautious in terms of expected therapeutic results. Doctors want to use these lasers for therapeutic purposes and this is of interest to the general public. That these rays can [&hellip;]<\/p>\n","protected":false},"author":1,"featured_media":0,"parent":0,"menu_order":0,"comment_status":"closed","ping_status":"closed","template":"","meta":{"_exactmetrics_skip_tracking":false,"_exactmetrics_sitenote_active":false,"_exactmetrics_sitenote_note":"","_exactmetrics_sitenote_category":0,"footnotes":""},"class_list":["post-13539","page","type-page","status-publish","hentry"],"yoast_head":"<!-- This site is optimized with the Yoast SEO plugin v27.0 - https:\/\/yoast.com\/product\/yoast-seo-wordpress\/ -->\n<title>MEDICAL LASERS - SFPMed<\/title>\n<meta name=\"robots\" content=\"index, follow, max-snippet:-1, max-image-preview:large, max-video-preview:-1\" \/>\n<link rel=\"canonical\" href=\"https:\/\/sfpmed.org\/lasers-medicaux\/\" \/>\n<meta property=\"og:locale\" content=\"en_US\" \/>\n<meta property=\"og:type\" content=\"article\" \/>\n<meta property=\"og:title\" content=\"MEDICAL LASERS - SFPMed\" \/>\n<meta property=\"og:description\" content=\"[vc_row][vc_column][vc_column_text] For many years there has been a craze for lasers. They are given extraordinary therapeutic qualities. These are indeed amazing, although one must always remain cautious in terms of expected therapeutic results. Doctors want to use these lasers for therapeutic purposes and this is of interest to the general public. That these rays can [&hellip;]\" \/>\n<meta property=\"og:url\" content=\"https:\/\/sfpmed.org\/lasers-medicaux\/\" \/>\n<meta property=\"og:site_name\" content=\"SFPMed\" \/>\n<meta property=\"article:modified_time\" content=\"2020-04-08T10:42:27+00:00\" \/>\n<meta name=\"twitter:card\" content=\"summary_large_image\" \/>\n<meta name=\"twitter:label1\" content=\"Est. reading time\" \/>\n\t<meta name=\"twitter:data1\" content=\"3 minutes\" \/>\n<script type=\"application\/ld+json\" class=\"yoast-schema-graph\">{\"@context\":\"https:\/\/schema.org\",\"@graph\":[{\"@type\":\"WebPage\",\"@id\":\"https:\/\/sfpmed.org\/lasers-medicaux\/\",\"url\":\"https:\/\/sfpmed.org\/lasers-medicaux\/\",\"name\":\"MEDICAL LASERS - SFPMed\",\"isPartOf\":{\"@id\":\"https:\/\/sfpmed.org\/#website\"},\"datePublished\":\"2018-11-08T09:47:10+00:00\",\"dateModified\":\"2020-04-08T10:42:27+00:00\",\"breadcrumb\":{\"@id\":\"https:\/\/sfpmed.org\/lasers-medicaux\/#breadcrumb\"},\"inLanguage\":\"en-US\",\"potentialAction\":[{\"@type\":\"ReadAction\",\"target\":[\"https:\/\/sfpmed.org\/lasers-medicaux\/\"]}]},{\"@type\":\"BreadcrumbList\",\"@id\":\"https:\/\/sfpmed.org\/lasers-medicaux\/#breadcrumb\",\"itemListElement\":[{\"@type\":\"ListItem\",\"position\":1,\"name\":\"Accueil\",\"item\":\"https:\/\/sfpmed.org\/\"},{\"@type\":\"ListItem\",\"position\":2,\"name\":\"MEDICAL LASERS\"}]},{\"@type\":\"WebSite\",\"@id\":\"https:\/\/sfpmed.org\/#website\",\"url\":\"https:\/\/sfpmed.org\/\",\"name\":\"SFPMed\",\"description\":\"Soci\u00e9t\u00e9 Francophone de Photonique M\u00e9dicale et Imagerie Optique M\u00e9dicale\",\"potentialAction\":[{\"@type\":\"SearchAction\",\"target\":{\"@type\":\"EntryPoint\",\"urlTemplate\":\"https:\/\/sfpmed.org\/?s={search_term_string}\"},\"query-input\":{\"@type\":\"PropertyValueSpecification\",\"valueRequired\":true,\"valueName\":\"search_term_string\"}}],\"inLanguage\":\"en-US\"}]}<\/script>\n<!-- \/ Yoast SEO plugin. -->","yoast_head_json":{"title":"MEDICAL LASERS - SFPMed","robots":{"index":"index","follow":"follow","max-snippet":"max-snippet:-1","max-image-preview":"max-image-preview:large","max-video-preview":"max-video-preview:-1"},"canonical":"https:\/\/sfpmed.org\/lasers-medicaux\/","og_locale":"en_US","og_type":"article","og_title":"MEDICAL LASERS - SFPMed","og_description":"[vc_row][vc_column][vc_column_text] For many years there has been a craze for lasers. They are given extraordinary therapeutic qualities. These are indeed amazing, although one must always remain cautious in terms of expected therapeutic results. Doctors want to use these lasers for therapeutic purposes and this is of interest to the general public. That these rays can [&hellip;]","og_url":"https:\/\/sfpmed.org\/lasers-medicaux\/","og_site_name":"SFPMed","article_modified_time":"2020-04-08T10:42:27+00:00","twitter_card":"summary_large_image","twitter_misc":{"Est. reading time":"3 minutes"},"schema":{"@context":"https:\/\/schema.org","@graph":[{"@type":"WebPage","@id":"https:\/\/sfpmed.org\/lasers-medicaux\/","url":"https:\/\/sfpmed.org\/lasers-medicaux\/","name":"MEDICAL LASERS - SFPMed","isPartOf":{"@id":"https:\/\/sfpmed.org\/#website"},"datePublished":"2018-11-08T09:47:10+00:00","dateModified":"2020-04-08T10:42:27+00:00","breadcrumb":{"@id":"https:\/\/sfpmed.org\/lasers-medicaux\/#breadcrumb"},"inLanguage":"en-US","potentialAction":[{"@type":"ReadAction","target":["https:\/\/sfpmed.org\/lasers-medicaux\/"]}]},{"@type":"BreadcrumbList","@id":"https:\/\/sfpmed.org\/lasers-medicaux\/#breadcrumb","itemListElement":[{"@type":"ListItem","position":1,"name":"Accueil","item":"https:\/\/sfpmed.org\/"},{"@type":"ListItem","position":2,"name":"MEDICAL LASERS"}]},{"@type":"WebSite","@id":"https:\/\/sfpmed.org\/#website","url":"https:\/\/sfpmed.org\/","name":"SFPMed","description":"Soci\u00e9t\u00e9 Francophone de Photonique M\u00e9dicale et Imagerie Optique M\u00e9dicale","potentialAction":[{"@type":"SearchAction","target":{"@type":"EntryPoint","urlTemplate":"https:\/\/sfpmed.org\/?s={search_term_string}"},"query-input":{"@type":"PropertyValueSpecification","valueRequired":true,"valueName":"search_term_string"}}],"inLanguage":"en-US"}]}},"_links":{"self":[{"href":"https:\/\/sfpmed.org\/en\/wp-json\/wp\/v2\/pages\/13539","targetHints":{"allow":["GET"]}}],"collection":[{"href":"https:\/\/sfpmed.org\/en\/wp-json\/wp\/v2\/pages"}],"about":[{"href":"https:\/\/sfpmed.org\/en\/wp-json\/wp\/v2\/types\/page"}],"author":[{"embeddable":true,"href":"https:\/\/sfpmed.org\/en\/wp-json\/wp\/v2\/users\/1"}],"replies":[{"embeddable":true,"href":"https:\/\/sfpmed.org\/en\/wp-json\/wp\/v2\/comments?post=13539"}],"version-history":[{"count":10,"href":"https:\/\/sfpmed.org\/en\/wp-json\/wp\/v2\/pages\/13539\/revisions"}],"predecessor-version":[{"id":15385,"href":"https:\/\/sfpmed.org\/en\/wp-json\/wp\/v2\/pages\/13539\/revisions\/15385"}],"wp:attachment":[{"href":"https:\/\/sfpmed.org\/en\/wp-json\/wp\/v2\/media?parent=13539"}],"curies":[{"name":"wp","href":"https:\/\/api.w.org\/{rel}","templated":true}]}}