{"id":12299,"date":"2018-11-08T10:47:50","date_gmt":"2018-11-08T09:47:50","guid":{"rendered":"http:\/\/sfpmed.org\/imagerie-optique-medicale\/"},"modified":"2020-04-08T12:45:21","modified_gmt":"2020-04-08T10:45:21","slug":"medical-optical-imaging","status":"publish","type":"page","link":"https:\/\/sfpmed.org\/en\/medical-optical-imaging\/","title":{"rendered":"Medical optical imaging"},"content":{"rendered":"<p>[vc_row][vc_column]<div class=\"grve-element grve-slogan grve-align-left\" style=\"\"><div class=\"grve-subtitle\">Focus on...<\/div><h2 class=\"grve-slogan-title grve-align-left grve-h5\"><span>Medical optical imaging<span class=\"grve-title-line grve-bg-primary-1\" style=\"width: 50px;height: 2px;\"><\/span><\/span><\/h2><\/div>[vc_column_text]<\/p>\n<p style=\"text-align: justify;\">Medical optical imaging includes the acquisition and display of human body images, at various scales, produced by a number of physical phenomena such as photon absorption, emission, scattering and reflection. All biological tissues exhibit optical properties. For example, all molecules absorb several wavelengths\u00a0; choosing the proper wavelengths allows selecting the molecules to be imaged. Images are obtained by processing the data supplied by the tissue optical properties. These imaging techniques aimed at acquiring anatomical, functional, molecular and metabolic information in order to contribute to the understanding of living tissues, healthy or pathological, in an interventional or diagnostic purpose.<\/p>\n<p style=\"text-align: justify;\">We are interested in the wavelength range including UV, visible, near-, mid- , far-infrared and TeraHerz. In this spectral range, optical imaging has numerous advantages. Indeed, in addition to the selectivity mentioned above, optical imaging does not use ionizing radiation or radioactive elements\u00a0; the technique employs non invasive processes which can be repeated safely and allows to differentiate biological structures on the basis of their chemical composition. Moreover, the technologies used lead to instruments exhibiting smaller sizes and lower costs than CT (computed tomography), MRI, PET &#8230; Some of these devices are well adapted for a use at the point of care.<\/p>\n<p style=\"text-align: justify;\">Over the last years, medical optical imaging is constantly evolving \u00a0and new technologies have arisen resulting in medical devices already on the market and many others at an advanced development stage.<\/p>\n<p style=\"text-align: justify;\">Since the ophtamologists\u2019 slit-lamp, otorhinolaryngologists\u2019 laryngoscope, urologists\u2019 first rigid endoscopes, a huge amount of progress has been achieved, particularly with the advent of optical fibers, lasers, miniaturized cameras, display screens and image processing algorithms.<\/p>\n<p style=\"text-align: justify;\">The most outstanding recent achievements include among others: fluorescence imaging, OCT (optical coherent tomography), confocal endomicroscopy, photo-acoustic imaging, polarimetric imaging, Raman spectroscopy, DRS (diffuse reflectance spectroscopy), multiphotonic imaging, DOT (diffuse optical tomography), hyperspectral imaging &#8230;<\/p>\n<p style=\"text-align: left;\">Optical biopsy has become a reality in a number of medical fields.<br \/>\nOptical imaging is now a major component of image guided surgery and theranostic development. Augmented reality and deep learning are today\u2019s technological advances which lead and continue to lead to improved images and perceptions.<\/p>\n<p>[\/vc_column_text][vc_empty_space][\/vc_column][\/vc_row][vc_row][vc_column]<div class=\"grve-element grve-slogan grve-align-left\" style=\"\"><div class=\"grve-subtitle\">Medical optical imaging<\/div><h2 class=\"grve-slogan-title grve-align-left grve-h5\"><span>In pictures<span class=\"grve-title-line grve-bg-primary-1\" style=\"width: 50px;height: 2px;\"><\/span><\/span><\/h2><\/div><div class=\"grve-element grve-carousel-wrapper grve-with-gap\" style=\"\"><div class=\"grve-carousel-navigation grve-dark grve-navigation-1 grve-navigation-carousel\">\t<div class=\"grve-carousel-buttons\">\t\t<div class=\"grve-carousel-prev\">\t\t\t<i class=\"grve-icon-arrow-left-alt\"><\/i>\t\t<\/div>\t\t<div class=\"grve-carousel-next\">\t\t\t<i class=\"grve-icon-arrow-right-alt\"><\/i>\t\t<\/div>\t<\/div><\/div>\t<div class=\"grve-carousel grve-gallery-popup grve-carousel-element \" data-items=\"5\" data-slider-autoplay=\"yes\" data-slider-speed=\"4000\" data-slider-pause=\"yes\" data-pagination-speed=\"400\" data-pagination=\"no\" data-gutter-size=\"40\">\n\n\t\t\t<div class=\"grve-carousel-item\">  <a href=\"https:\/\/sfpmed.org\/wp-content\/uploads\/2019\/03\/Human-Breast-PACT-avec-logo-1920x1458.jpg\" ><figure class=\"grve-image-hover\"><div class=\"grve-media\"><img loading=\"lazy\" decoding=\"async\" width=\"800\" height=\"600\" src=\"https:\/\/sfpmed.org\/wp-content\/uploads\/2019\/03\/Human-Breast-PACT-avec-logo-800x600.jpg\" class=\"attachment-blade-grve-small-rect-horizontal size-blade-grve-small-rect-horizontal\" alt=\"\" \/><\/div><\/figure>  <\/a><\/div><div class=\"grve-carousel-item\">  <a href=\"https:\/\/sfpmed.org\/wp-content\/uploads\/2019\/03\/OR-PAM-avec-logo-1572x1920.jpg\" ><figure class=\"grve-image-hover\"><div class=\"grve-media\"><img loading=\"lazy\" decoding=\"async\" width=\"800\" height=\"600\" src=\"https:\/\/sfpmed.org\/wp-content\/uploads\/2019\/03\/OR-PAM-avec-logo-800x600.jpg\" class=\"attachment-blade-grve-small-rect-horizontal size-blade-grve-small-rect-horizontal\" alt=\"\" \/><\/div><\/figure>  <\/a><\/div><div class=\"grve-carousel-item\">  <a href=\"https:\/\/sfpmed.org\/wp-content\/uploads\/2019\/03\/FLUOPTICS_avec-logo-1920x1000.jpg\" ><figure class=\"grve-image-hover\"><div class=\"grve-media\"><img loading=\"lazy\" decoding=\"async\" width=\"800\" height=\"600\" src=\"https:\/\/sfpmed.org\/wp-content\/uploads\/2019\/03\/FLUOPTICS_avec-logo-800x600.jpg\" class=\"attachment-blade-grve-small-rect-horizontal size-blade-grve-small-rect-horizontal\" alt=\"\" \/><\/div><\/figure>  <\/a><\/div><div class=\"grve-carousel-item\">  <a href=\"https:\/\/sfpmed.org\/wp-content\/uploads\/2019\/03\/MSketch005-1920x768.jpg\" ><figure class=\"grve-image-hover\"><div class=\"grve-media\"><img loading=\"lazy\" decoding=\"async\" width=\"800\" height=\"600\" src=\"https:\/\/sfpmed.org\/wp-content\/uploads\/2019\/03\/MSketch005-800x600.jpg\" class=\"attachment-blade-grve-small-rect-horizontal size-blade-grve-small-rect-horizontal\" alt=\"\" \/><\/div><\/figure>  <\/a><\/div><div class=\"grve-carousel-item\">  <a href=\"https:\/\/sfpmed.org\/wp-content\/uploads\/2019\/03\/M2019-03-04-11.58.16-2.jpg\" ><figure class=\"grve-image-hover\"><div class=\"grve-media\"><img loading=\"lazy\" decoding=\"async\" width=\"800\" height=\"600\" src=\"https:\/\/sfpmed.org\/wp-content\/uploads\/2019\/03\/M2019-03-04-11.58.16-2-800x600.jpg\" class=\"attachment-blade-grve-small-rect-horizontal size-blade-grve-small-rect-horizontal\" alt=\"\" \/><\/div><\/figure>  <\/a><\/div><div class=\"grve-carousel-item\">  <a href=\"https:\/\/sfpmed.org\/wp-content\/uploads\/2019\/03\/LL-Tech.png\" ><figure class=\"grve-image-hover\"><div class=\"grve-media\"><img loading=\"lazy\" decoding=\"async\" width=\"800\" height=\"600\" src=\"https:\/\/sfpmed.org\/wp-content\/uploads\/2019\/03\/LL-Tech-800x600.png\" class=\"attachment-blade-grve-small-rect-horizontal size-blade-grve-small-rect-horizontal\" alt=\"\" srcset=\"https:\/\/sfpmed.org\/wp-content\/uploads\/2019\/03\/LL-Tech-800x600.png 800w, https:\/\/sfpmed.org\/wp-content\/uploads\/2019\/03\/LL-Tech-300x225.png 300w, https:\/\/sfpmed.org\/wp-content\/uploads\/2019\/03\/LL-Tech-768x576.png 768w, https:\/\/sfpmed.org\/wp-content\/uploads\/2019\/03\/LL-Tech.png 960w\" sizes=\"auto, (max-width: 800px) 100vw, 800px\" \/><\/div><\/figure>  <\/a><\/div><div class=\"grve-carousel-item\">  <a href=\"https:\/\/sfpmed.org\/wp-content\/uploads\/2019\/03\/Photos-Damae.jpg\" ><figure class=\"grve-image-hover\"><div class=\"grve-media\"><img loading=\"lazy\" decoding=\"async\" width=\"800\" height=\"600\" src=\"https:\/\/sfpmed.org\/wp-content\/uploads\/2019\/03\/Photos-Damae-800x600.jpg\" class=\"attachment-blade-grve-small-rect-horizontal size-blade-grve-small-rect-horizontal\" alt=\"\" \/><\/div><\/figure>  <\/a><\/div>\t<\/div><\/div>[vc_column_text]Referent : Marc Faucheux &#8211;\u00a0<a href=\"mailto:marc.faucheux@l-mdc.fr\" target=\"_blank\" rel=\"noopener noreferrer\">marc.faucheux@l-mdc.fr<\/a>[\/vc_column_text][vc_empty_space][\/vc_column][\/vc_row][vc_row][vc_column][vc_tta_accordion active_section=&#8221;1&#8243; css=&#8221;.vc_custom_1548862401373{background-color: #eaeaea !important;}&#8221;][vc_tta_section i_icon_fontawesome=&#8221;fa fa-calendar&#8221; add_icon=&#8221;true&#8221; title=&#8221;Agenda&#8221; tab_id=&#8221;1544613068417-e0477bac-8293&#8243;][vc_column_text]<\/p>\n<ul>\n<li><strong>See French version<\/strong><\/li>\n<\/ul>\n<p>[\/vc_column_text][\/vc_tta_section][\/vc_tta_accordion][vc_tta_accordion active_section=&#8221;2&#8243; collapsible_all=&#8221;true&#8221; css=&#8221;.vc_custom_1548854138629{background-color: #eaeaea !important;}&#8221;][vc_tta_section i_icon_fontawesome=&#8221;fa fa-thumb-tack&#8221; add_icon=&#8221;true&#8221; title=&#8221;News&#8221; tab_id=&#8221;1548854129563-6a5b189a-e1d0&#8243;][vc_column_text]<\/p>\n<ul>\n<li><strong>See French version<\/strong><\/li>\n<\/ul>\n<p>[\/vc_column_text][\/vc_tta_section][\/vc_tta_accordion][vc_tta_accordion active_section=&#8221;2&#8243; collapsible_all=&#8221;true&#8221; css=&#8221;.vc_custom_1548854138629{background-color: #eaeaea !important;}&#8221;][vc_tta_section i_icon_fontawesome=&#8221;fa fa-file-text-o&#8221; add_icon=&#8221;true&#8221; title=&#8221;Articles &amp; generalities&#8221; tab_id=&#8221;1548854140872-828e5583-f445&#8243;][vc_column_text]<\/p>\n<ul>\n<li><strong>Line-field confocal optical coherence tomography for high-resolution noninvasive imaging of skin tumors<\/strong><br \/>\nArnaud Dubois, Olivier Levecq, Hicham Azimani, David Siret, Ana\u00efs Barut, Mariano Suppa, V\u00e9ronique del Marmol, Josep Malvehy, Elisa Cinotti, Pietro Rubegni, Jean-Luc Perrot<br \/>\n<a href=\"https:\/\/sfpmed.org\/wp-content\/uploads\/2019\/02\/DAMAE-Medical-Publication-JBO.pdf\" target=\"_blank\" rel=\"noopener noreferrer\">Acc\u00e9der au fichier PDF<\/a><\/li>\n<\/ul>\n<p>[\/vc_column_text]<div class=\"grve-element grve-hr \" style=\"padding-bottom: 30px;\"><span class=\"grve-title-line grve-bg-grey\" style=\"width: 50px;height: 2px;\"><\/span><\/div>[vc_column_text]<\/p>\n<ul>\n<li><strong>Photoacoustic tomography: principles and advances<\/strong><br \/>\nJun Xia,\u00a0 Junjie Yao and\u00a0Lihong V. Wang<br \/>\n<a href=\"https:\/\/sfpmed.org\/wp-content\/uploads\/2019\/02\/Photoacoustic-tomography-principles-and-advances-2014-Lihong-Wang-.pdf\" target=\"_blank\" rel=\"noopener noreferrer\">Acc\u00e9der au fichier PDF<\/a><\/li>\n<\/ul>\n<p>[\/vc_column_text]<div class=\"grve-element grve-hr \" style=\"padding-bottom: 30px;\"><span class=\"grve-title-line grve-bg-grey\" style=\"width: 50px;height: 2px;\"><\/span><\/div>[vc_column_text]<\/p>\n<ul>\n<li><strong>Photoacoustic microscopy and computed tomography: from bench to bedside<\/strong><br \/>\nLihong V. Wang and\u00a0Liang Gao<br \/>\n<a href=\"https:\/\/sfpmed.org\/wp-content\/uploads\/2019\/02\/Photoacoustic-microscopy-and-computed-tomography-from-bench-to-bedside-L-Wang-2014.pdf\" target=\"_blank\" rel=\"noopener noreferrer\">Acc\u00e9der au fichier PDF<\/a><\/li>\n<\/ul>\n<p>[\/vc_column_text]<div class=\"grve-element grve-hr \" style=\"padding-bottom: 30px;\"><span class=\"grve-title-line grve-bg-grey\" style=\"width: 50px;height: 2px;\"><\/span><\/div>[vc_column_text]<\/p>\n<ul>\n<li><strong>A Practical Guide to Photoacoustic Tomography in the Life Sciences<\/strong><br \/>\nLihong V. Wang and\u00a0Junjie Yao<br \/>\n<a href=\"https:\/\/sfpmed.org\/wp-content\/uploads\/2019\/02\/Pratical-guide-PAT-in-life-science-L-Wang-nihms807544.pdf\" target=\"_blank\" rel=\"noopener noreferrer\">Acc\u00e9der au fichier PDF<\/a><\/li>\n<\/ul>\n<p>[\/vc_column_text]<div class=\"grve-element grve-hr \" style=\"padding-bottom: 30px;\"><span class=\"grve-title-line grve-bg-grey\" style=\"width: 50px;height: 2px;\"><\/span><\/div>[vc_column_text]<\/p>\n<ul>\n<li><strong>Photoacoustic Tomography: In Vivo Imaging from Organelles to Organs<\/strong><br \/>\nLihong V. Wang and Song Hu<br \/>\n<a href=\"https:\/\/sfpmed.org\/wp-content\/uploads\/2019\/02\/Photoacoustic-Tomography-In-Vivo-Imaging-from-Organelles-to-organs-L-Wang-Science-2012.pdf\" target=\"_blank\" rel=\"noopener noreferrer\">Acc\u00e9der au fichier PDF<\/a><\/li>\n<\/ul>\n<p>[\/vc_column_text]<div class=\"grve-element grve-hr \" style=\"padding-bottom: 30px;\"><span class=\"grve-title-line grve-bg-grey\" style=\"width: 50px;height: 2px;\"><\/span><\/div>[\/vc_tta_section][\/vc_tta_accordion][vc_tta_accordion active_section=&#8221;2&#8243; collapsible_all=&#8221;true&#8221; css=&#8221;.vc_custom_1548854138629{background-color: #eaeaea !important;}&#8221;][vc_tta_section i_icon_fontawesome=&#8221;fa fa-globe&#8221; add_icon=&#8221;true&#8221; title=&#8221;Links&#8221; tab_id=&#8221;1548854140184-41b70e4c-7d3e&#8221;][vc_column_text]<em>Upcoming content<\/em>[\/vc_column_text][\/vc_tta_section][\/vc_tta_accordion][\/vc_column][\/vc_row]<\/p>\n","protected":false},"excerpt":{"rendered":"<p>[vc_row][vc_column][vc_column_text] Medical optical imaging includes the acquisition and display of human body images, at various scales, produced by a number of physical phenomena such as photon absorption, emission, scattering and reflection. All biological tissues exhibit optical properties. For example, all molecules absorb several wavelengths\u00a0; choosing the proper wavelengths allows selecting the molecules to be imaged. [&hellip;]<\/p>\n","protected":false},"author":1,"featured_media":0,"parent":0,"menu_order":0,"comment_status":"closed","ping_status":"closed","template":"","meta":{"_exactmetrics_skip_tracking":false,"_exactmetrics_sitenote_active":false,"_exactmetrics_sitenote_note":"","_exactmetrics_sitenote_category":0,"footnotes":""},"class_list":["post-12299","page","type-page","status-publish","hentry"],"yoast_head":"<!-- This site is optimized with the Yoast SEO plugin v27.0 - https:\/\/yoast.com\/product\/yoast-seo-wordpress\/ -->\n<title>Medical optical imaging - SFPMed<\/title>\n<meta name=\"robots\" content=\"index, follow, max-snippet:-1, max-image-preview:large, max-video-preview:-1\" \/>\n<link rel=\"canonical\" href=\"https:\/\/sfpmed.org\/imagerie-optique-medicale\/\" \/>\n<meta property=\"og:locale\" content=\"en_US\" \/>\n<meta property=\"og:type\" content=\"article\" \/>\n<meta property=\"og:title\" content=\"Medical optical imaging - SFPMed\" \/>\n<meta property=\"og:description\" content=\"[vc_row][vc_column][vc_column_text] Medical optical imaging includes the acquisition and display of human body images, at various scales, produced by a number of physical phenomena such as photon absorption, emission, scattering and reflection. All biological tissues exhibit optical properties. For example, all molecules absorb several wavelengths\u00a0; choosing the proper wavelengths allows selecting the molecules to be imaged. [&hellip;]\" \/>\n<meta property=\"og:url\" content=\"https:\/\/sfpmed.org\/imagerie-optique-medicale\/\" \/>\n<meta property=\"og:site_name\" content=\"SFPMed\" \/>\n<meta property=\"article:modified_time\" content=\"2020-04-08T10:45:21+00:00\" \/>\n<meta name=\"twitter:card\" content=\"summary_large_image\" \/>\n<meta name=\"twitter:label1\" content=\"Est. reading time\" \/>\n\t<meta name=\"twitter:data1\" content=\"4 minutes\" \/>\n<script type=\"application\/ld+json\" class=\"yoast-schema-graph\">{\"@context\":\"https:\/\/schema.org\",\"@graph\":[{\"@type\":\"WebPage\",\"@id\":\"https:\/\/sfpmed.org\/imagerie-optique-medicale\/\",\"url\":\"https:\/\/sfpmed.org\/imagerie-optique-medicale\/\",\"name\":\"Medical optical imaging - SFPMed\",\"isPartOf\":{\"@id\":\"https:\/\/sfpmed.org\/#website\"},\"datePublished\":\"2018-11-08T09:47:50+00:00\",\"dateModified\":\"2020-04-08T10:45:21+00:00\",\"breadcrumb\":{\"@id\":\"https:\/\/sfpmed.org\/imagerie-optique-medicale\/#breadcrumb\"},\"inLanguage\":\"en-US\",\"potentialAction\":[{\"@type\":\"ReadAction\",\"target\":[\"https:\/\/sfpmed.org\/imagerie-optique-medicale\/\"]}]},{\"@type\":\"BreadcrumbList\",\"@id\":\"https:\/\/sfpmed.org\/imagerie-optique-medicale\/#breadcrumb\",\"itemListElement\":[{\"@type\":\"ListItem\",\"position\":1,\"name\":\"Accueil\",\"item\":\"https:\/\/sfpmed.org\/\"},{\"@type\":\"ListItem\",\"position\":2,\"name\":\"Medical optical imaging\"}]},{\"@type\":\"WebSite\",\"@id\":\"https:\/\/sfpmed.org\/#website\",\"url\":\"https:\/\/sfpmed.org\/\",\"name\":\"SFPMed\",\"description\":\"Soci\u00e9t\u00e9 Francophone de Photonique M\u00e9dicale et Imagerie Optique M\u00e9dicale\",\"potentialAction\":[{\"@type\":\"SearchAction\",\"target\":{\"@type\":\"EntryPoint\",\"urlTemplate\":\"https:\/\/sfpmed.org\/?s={search_term_string}\"},\"query-input\":{\"@type\":\"PropertyValueSpecification\",\"valueRequired\":true,\"valueName\":\"search_term_string\"}}],\"inLanguage\":\"en-US\"}]}<\/script>\n<!-- \/ Yoast SEO plugin. -->","yoast_head_json":{"title":"Medical optical imaging - SFPMed","robots":{"index":"index","follow":"follow","max-snippet":"max-snippet:-1","max-image-preview":"max-image-preview:large","max-video-preview":"max-video-preview:-1"},"canonical":"https:\/\/sfpmed.org\/imagerie-optique-medicale\/","og_locale":"en_US","og_type":"article","og_title":"Medical optical imaging - SFPMed","og_description":"[vc_row][vc_column][vc_column_text] Medical optical imaging includes the acquisition and display of human body images, at various scales, produced by a number of physical phenomena such as photon absorption, emission, scattering and reflection. All biological tissues exhibit optical properties. For example, all molecules absorb several wavelengths\u00a0; choosing the proper wavelengths allows selecting the molecules to be imaged. [&hellip;]","og_url":"https:\/\/sfpmed.org\/imagerie-optique-medicale\/","og_site_name":"SFPMed","article_modified_time":"2020-04-08T10:45:21+00:00","twitter_card":"summary_large_image","twitter_misc":{"Est. reading time":"4 minutes"},"schema":{"@context":"https:\/\/schema.org","@graph":[{"@type":"WebPage","@id":"https:\/\/sfpmed.org\/imagerie-optique-medicale\/","url":"https:\/\/sfpmed.org\/imagerie-optique-medicale\/","name":"Medical optical imaging - SFPMed","isPartOf":{"@id":"https:\/\/sfpmed.org\/#website"},"datePublished":"2018-11-08T09:47:50+00:00","dateModified":"2020-04-08T10:45:21+00:00","breadcrumb":{"@id":"https:\/\/sfpmed.org\/imagerie-optique-medicale\/#breadcrumb"},"inLanguage":"en-US","potentialAction":[{"@type":"ReadAction","target":["https:\/\/sfpmed.org\/imagerie-optique-medicale\/"]}]},{"@type":"BreadcrumbList","@id":"https:\/\/sfpmed.org\/imagerie-optique-medicale\/#breadcrumb","itemListElement":[{"@type":"ListItem","position":1,"name":"Accueil","item":"https:\/\/sfpmed.org\/"},{"@type":"ListItem","position":2,"name":"Medical optical imaging"}]},{"@type":"WebSite","@id":"https:\/\/sfpmed.org\/#website","url":"https:\/\/sfpmed.org\/","name":"SFPMed","description":"Soci\u00e9t\u00e9 Francophone de Photonique M\u00e9dicale et Imagerie Optique M\u00e9dicale","potentialAction":[{"@type":"SearchAction","target":{"@type":"EntryPoint","urlTemplate":"https:\/\/sfpmed.org\/?s={search_term_string}"},"query-input":{"@type":"PropertyValueSpecification","valueRequired":true,"valueName":"search_term_string"}}],"inLanguage":"en-US"}]}},"_links":{"self":[{"href":"https:\/\/sfpmed.org\/en\/wp-json\/wp\/v2\/pages\/12299","targetHints":{"allow":["GET"]}}],"collection":[{"href":"https:\/\/sfpmed.org\/en\/wp-json\/wp\/v2\/pages"}],"about":[{"href":"https:\/\/sfpmed.org\/en\/wp-json\/wp\/v2\/types\/page"}],"author":[{"embeddable":true,"href":"https:\/\/sfpmed.org\/en\/wp-json\/wp\/v2\/users\/1"}],"replies":[{"embeddable":true,"href":"https:\/\/sfpmed.org\/en\/wp-json\/wp\/v2\/comments?post=12299"}],"version-history":[{"count":10,"href":"https:\/\/sfpmed.org\/en\/wp-json\/wp\/v2\/pages\/12299\/revisions"}],"predecessor-version":[{"id":15388,"href":"https:\/\/sfpmed.org\/en\/wp-json\/wp\/v2\/pages\/12299\/revisions\/15388"}],"wp:attachment":[{"href":"https:\/\/sfpmed.org\/en\/wp-json\/wp\/v2\/media?parent=12299"}],"curies":[{"name":"wp","href":"https:\/\/api.w.org\/{rel}","templated":true}]}}